{"id":4,"date":"2021-07-23T23:49:04","date_gmt":"2021-07-23T23:49:04","guid":{"rendered":"https:\/\/theartistschateau.com\/?page_id=4"},"modified":"2026-01-10T00:58:16","modified_gmt":"2026-01-10T00:58:16","slug":"grand-entrance","status":"publish","type":"page","link":"https:\/\/theartistschateau.com\/es\/","title":{"rendered":"Grand Entrance"},"content":{"rendered":"<h1>\n\t\t\tWelcome to The Artists&#8217; Chateau\u00ae\n\t\t\t\t\t\t\t\t\t\t\t2026 &#8211; Reigning in Strength!\n\t\t<\/h1>\n\t\t\t<h5>English\t\t\t<\/h5>\n\t\t\t<!-- Display Switch -->\n\t\t\t<label><input type=\"checkbox\"\/><\/label>\n\t\t\t<h5>Espa\u00f1ol<\/h5>\n\t\t\t<p>The Artists&#8217; Chateau\u00ae is a luxury fine art publication, curated In English and Spanish. Your visual and performing arts resource, in print and digital format. We are dedicated to showcasing culturally diverse visual and performing arts content.<\/p>\n<p>&nbsp;<\/p>\n<p>Arts &amp; Culture are the riches and treasures that are savored throughout our collective society. Artists of vast and diverse genres, heritages, communities and interests bravely pursue their dreams and passions. Embodying the courage to create, to share and to dedicate their works to the four corners of the earth.<\/p>\n<p>&nbsp;<\/p>\n<p>We are excited to bring to you the opera, ballet, the theatre, museums, and gallery exhibits to include featured artists.<\/p>\n<p>&nbsp;<\/p>\n<p>Our Creative Arts Team skillfully assembles opulent arrangements for convenient access, at Your fingertips, as:<\/p>\n<p>&nbsp;<\/p>\n<p>Your Concierge to Fine Arts\u00ae ~<\/p>\n<p>&nbsp;<\/p>\n<p>&nbsp;<\/p>\n<p>&nbsp;<\/p>\n<p>&nbsp;<\/p>\n<p>&nbsp;<\/p>\n<p>&nbsp;<\/p>\n<hr \/>\n<p>&nbsp;<\/p>\n\t\t\t<p>The Artists&#8217; Chateau\u00ae es una publicaci\u00f3n de bellas artes de lujo en ingl\u00e9s y espa\u00f1ol. Es un recurso para artes visuales y esc\u00e9nicas, y de formato impreso y digital. Nos dedicamos a ense\u00f1ar diversidad cultural de artes visuales y esc\u00e9nicas.<\/p>\n<p>&nbsp;<\/p>\n<p>Arte y cultura son tesoros que todos pueden saborear en nuestra sociedad colectiva. Artistas de varios g\u00e9neros, herencias, comunidades e intereses persigan sus sue\u00f1os y pasiones con valent\u00eda. Ellos encarnan el coraje para crear, compartir, y dedicar su trabajo a las cuatro esquinas de nuestro planeta.<\/p>\n<p>&nbsp;<\/p>\n<p>Nos emociona llevarte a la opera, ballet, el teatro, museos, y exposiciones de las galer\u00edas de nuestros artistas.<\/p>\n<p>&nbsp;<\/p>\n<p>Nuestro equipo de arte creativo ensambla con habilidad arreglos opulentos para acceso conveniente en la punta de tus dedos como el conserje de bellas artes.<\/p>\n\t<p>Fine Art | Culturally Diverse | Curated News<\/p>\n<p>#TheArtistsChateau<\/p>\n<hr \/>\n<p>ISSN 2690-0386 (print)<\/p>\n<p>ISSN 2690-0394 (online)<\/p>\n<hr \/>\n<p>*Quarterly Print Magazine*<\/p>\n<p><em>With continuous enriched digital, online content.<\/em><\/p>\n\t<h4>Connect To Our Expansive Audience<\/h4>\n\t\t<h2>\n\t\t\tPurchase Advertising &#038; Sponsorships\n\t\t\t\t\t\t\t\t\t\t\tContact By:\n\t\t<\/h2>\n\t<p><a href=\"mailto:Publisher@TheArtistsChateau.com\">Publisher@TheArtistsChateau.com<\/a><\/p>\n\t<p><a href=\"tel:2106186129\">(210) 618-6129<\/a><\/p>\n\t\t<h2>\n\t\t\tOur latest youtube ~\n\t\t<\/h2>\n\t\t\t<p><a href=\"https:\/\/www.youtube.com\/c\/TheArtistsChateau-FineArtPublication?sub_confirmation=1\">Click the icon to subscribe.<\/a><\/p>\t\t\n\t<iframe allowfullscreen allow=\"autoplay\" data-src=\"https:\/\/www.youtube.com\/embed\/ebwclyM-DGs?feature=oembed&amp;start&amp;end&amp;wmode=opaque&amp;loop=0&amp;controls=1&amp;mute=0&amp;rel=0&amp;modestbranding=0\"><\/iframe>\t\t\n\t\t\t\t\tPlay Video\n\t\t<h2>\n\t\t\tOpera WATCH:  Giuseppe Verdi &#8211; La Traviata *watch a full production*\n\t\t<\/h2>\n\t\t\t<p><a href=\"https:\/\/www.youtube.com\/c\/TheArtistsChateau-FineArtPublication?sub_confirmation=1\">Click the icon to subscribe.<\/a><\/p>\t\t\n\t<iframe allowfullscreen allow=\"autoplay\" data-src=\"https:\/\/www.youtube.com\/embed\/Y7aGgDy_KaE?feature=oembed&amp;start&amp;end&amp;wmode=opaque&amp;loop=0&amp;controls=1&amp;mute=0&amp;rel=0&amp;modestbranding=0\"><\/iframe>\t\t\n\t\t\t\t\tPlay Video\n\t\t<h2>\n\t\t\tWelcome &#038; proceed to our Foyer\n\t\t<\/h2>\n\t<a href=\"https:\/\/theartistschateau.com\/es\/foyer\/\" target=\"_self\" role=\"button\" aria-label=\"ENTER\">\n\t\t\t\t\t\tENTER\n\t\t\t<\/a>","protected":false},"excerpt":{"rendered":"<p>Welcome to The Artists&#8217; Chateau\u00ae 2026 &#8211; Reigning in Strength! English Espa\u00f1ol The Artists&#8217; Chateau\u00ae is a luxury fine art publication, curated In English and Spanish. Your visual and performing&hellip;<\/p>","protected":false},"author":1,"featured_media":4032,"parent":0,"menu_order":0,"comment_status":"closed","ping_status":"closed","template":"","meta":{"_coblocks_attr":"","_coblocks_dimensions":"","_coblocks_responsive_height":"","_coblocks_accordion_ie_support":"","footnotes":""},"class_list":["post-4","page","type-page","status-publish","has-post-thumbnail","hentry"],"yoast_head":"<!-- This site is optimized with the Yoast SEO plugin v25.8 - https:\/\/yoast.com\/wordpress\/plugins\/seo\/ -->\n<title>Home - Luxury Art Publication - The Artists Chateau<\/title>\n<meta name=\"description\" content=\"Discover The Artists Chateau Home, a luxury art publication offering bilingual fine arts resources and diverse cultural stories.\" \/>\n<meta name=\"robots\" content=\"index, follow, max-snippet:-1, max-image-preview:large, max-video-preview:-1\" \/>\n<link rel=\"canonical\" href=\"https:\/\/theartistschateau.com\/es\/\" \/>\n<meta property=\"og:locale\" content=\"es_ES\" \/>\n<meta property=\"og:type\" content=\"article\" \/>\n<meta property=\"og:title\" content=\"Home - Luxury Art Publication - The Artists Chateau\" \/>\n<meta property=\"og:description\" content=\"Discover The Artists Chateau Home, a luxury art publication offering bilingual fine arts resources and diverse cultural stories.\" \/>\n<meta property=\"og:url\" content=\"https:\/\/theartistschateau.com\/es\/\" \/>\n<meta property=\"og:site_name\" content=\"The Artists\u2019 Chateau\u00ae\" \/>\n<meta property=\"article:publisher\" content=\"https:\/\/www.facebook.com\/492210854191617\" \/>\n<meta property=\"article:modified_time\" content=\"2026-01-10T00:58:16+00:00\" \/>\n<meta property=\"og:image\" content=\"https:\/\/theartistschateau.com\/wp-content\/uploads\/2022\/12\/rsw_1280-7-2.webp\" \/>\n\t<meta property=\"og:image:width\" content=\"1280\" \/>\n\t<meta property=\"og:image:height\" content=\"1128\" \/>\n\t<meta property=\"og:image:type\" content=\"image\/webp\" \/>\n<meta name=\"twitter:card\" content=\"summary_large_image\" \/>\n<meta name=\"twitter:site\" content=\"@ArtistsChateau\" \/>\n<meta name=\"twitter:label1\" content=\"Tiempo de lectura\" \/>\n\t<meta name=\"twitter:data1\" content=\"3 minutos\" \/>\n<script type=\"application\/ld+json\" class=\"yoast-schema-graph\">{\"@context\":\"https:\/\/schema.org\",\"@graph\":[{\"@type\":\"Article\",\"@id\":\"https:\/\/theartistschateau.com\/#article\",\"isPartOf\":{\"@id\":\"https:\/\/theartistschateau.com\/\"},\"author\":{\"name\":\"The Artists' Chateau\u00ae\",\"@id\":\"https:\/\/theartistschateau.com\/#\/schema\/person\/e2c0b40c6f3ccadd5a7811ea0cae6826\"},\"headline\":\"Grand Entrance\",\"datePublished\":\"2021-07-23T23:49:04+00:00\",\"dateModified\":\"2026-01-10T00:58:16+00:00\",\"mainEntityOfPage\":{\"@id\":\"https:\/\/theartistschateau.com\/\"},\"wordCount\":364,\"publisher\":{\"@id\":\"https:\/\/theartistschateau.com\/#organization\"},\"image\":{\"@id\":\"https:\/\/theartistschateau.com\/#primaryimage\"},\"thumbnailUrl\":\"https:\/\/theartistschateau.com\/wp-content\/uploads\/2022\/12\/rsw_1280-7-2.webp\",\"inLanguage\":\"es\"},{\"@type\":\"WebPage\",\"@id\":\"https:\/\/theartistschateau.com\/\",\"url\":\"https:\/\/theartistschateau.com\/\",\"name\":\"Home - Luxury Art Publication - The Artists Chateau\",\"isPartOf\":{\"@id\":\"https:\/\/theartistschateau.com\/#website\"},\"primaryImageOfPage\":{\"@id\":\"https:\/\/theartistschateau.com\/#primaryimage\"},\"image\":{\"@id\":\"https:\/\/theartistschateau.com\/#primaryimage\"},\"thumbnailUrl\":\"https:\/\/theartistschateau.com\/wp-content\/uploads\/2022\/12\/rsw_1280-7-2.webp\",\"datePublished\":\"2021-07-23T23:49:04+00:00\",\"dateModified\":\"2026-01-10T00:58:16+00:00\",\"description\":\"Discover The Artists Chateau Home, a luxury art publication offering bilingual fine arts resources and diverse cultural stories.\",\"inLanguage\":\"es\",\"potentialAction\":[{\"@type\":\"ReadAction\",\"target\":[\"https:\/\/theartistschateau.com\/\"]}]},{\"@type\":\"ImageObject\",\"inLanguage\":\"es\",\"@id\":\"https:\/\/theartistschateau.com\/#primaryimage\",\"url\":\"https:\/\/theartistschateau.com\/wp-content\/uploads\/2022\/12\/rsw_1280-7-2.webp\",\"contentUrl\":\"https:\/\/theartistschateau.com\/wp-content\/uploads\/2022\/12\/rsw_1280-7-2.webp\",\"width\":1280,\"height\":1128,\"caption\":\"Madonna with Child and Six Saints | Sant' Ambrogio Altarpiece\"},{\"@type\":\"WebSite\",\"@id\":\"https:\/\/theartistschateau.com\/#website\",\"url\":\"https:\/\/theartistschateau.com\/\",\"name\":\"The Artists' Chateau\",\"description\":\"Your Concierge to Fine Arts\",\"publisher\":{\"@id\":\"https:\/\/theartistschateau.com\/#organization\"},\"alternateName\":\"Artists' Chateau\",\"potentialAction\":[{\"@type\":\"SearchAction\",\"target\":{\"@type\":\"EntryPoint\",\"urlTemplate\":\"https:\/\/theartistschateau.com\/?s={search_term_string}\"},\"query-input\":{\"@type\":\"PropertyValueSpecification\",\"valueRequired\":true,\"valueName\":\"search_term_string\"}}],\"inLanguage\":\"es\"},{\"@type\":\"Organization\",\"@id\":\"https:\/\/theartistschateau.com\/#organization\",\"name\":\"The Artists' Chateau\",\"url\":\"https:\/\/theartistschateau.com\/\",\"logo\":{\"@type\":\"ImageObject\",\"inLanguage\":\"es\",\"@id\":\"https:\/\/theartistschateau.com\/#\/schema\/logo\/image\/\",\"url\":\"https:\/\/theartistschateau.com\/wp-content\/uploads\/2021\/07\/White_R_AC_logo_NoBackground-0001-min.png\",\"contentUrl\":\"https:\/\/theartistschateau.com\/wp-content\/uploads\/2021\/07\/White_R_AC_logo_NoBackground-0001-min.png\",\"width\":1012,\"height\":1486,\"caption\":\"The Artists' Chateau\"},\"image\":{\"@id\":\"https:\/\/theartistschateau.com\/#\/schema\/logo\/image\/\"},\"sameAs\":[\"https:\/\/www.facebook.com\/492210854191617\",\"https:\/\/x.com\/ArtistsChateau\",\"https:\/\/www.youtube.com\/c\/TheArtistsChateau-FineArtPublication\"]},{\"@type\":\"Person\",\"@id\":\"https:\/\/theartistschateau.com\/#\/schema\/person\/e2c0b40c6f3ccadd5a7811ea0cae6826\",\"name\":\"The Artists' Chateau\u00ae\",\"image\":{\"@type\":\"ImageObject\",\"inLanguage\":\"es\",\"@id\":\"https:\/\/theartistschateau.com\/#\/schema\/person\/image\/\",\"url\":\"https:\/\/secure.gravatar.com\/avatar\/0facfafb3f7e785a313b1f317f8201428697159578daf5870f0bdd80028eda23?s=96&d=mm&r=g\",\"contentUrl\":\"https:\/\/secure.gravatar.com\/avatar\/0facfafb3f7e785a313b1f317f8201428697159578daf5870f0bdd80028eda23?s=96&d=mm&r=g\",\"caption\":\"The Artists' Chateau\u00ae\"},\"sameAs\":[\"https:\/\/theartistschateau.com\"]}]}<\/script>\n<!-- \/ Yoast SEO plugin. -->","yoast_head_json":{"title":"Home - Luxury Art Publication - The Artists Chateau","description":"Discover The Artists Chateau Home, a luxury art publication offering bilingual fine arts resources and diverse cultural stories.","robots":{"index":"index","follow":"follow","max-snippet":"max-snippet:-1","max-image-preview":"max-image-preview:large","max-video-preview":"max-video-preview:-1"},"canonical":"https:\/\/theartistschateau.com\/es\/","og_locale":"es_ES","og_type":"article","og_title":"Home - Luxury Art Publication - The Artists Chateau","og_description":"Discover The Artists Chateau Home, a luxury art publication offering bilingual fine arts resources and diverse cultural stories.","og_url":"https:\/\/theartistschateau.com\/es\/","og_site_name":"The Artists\u2019 Chateau\u00ae","article_publisher":"https:\/\/www.facebook.com\/492210854191617","article_modified_time":"2026-01-10T00:58:16+00:00","og_image":[{"width":1280,"height":1128,"url":"https:\/\/theartistschateau.com\/wp-content\/uploads\/2022\/12\/rsw_1280-7-2.webp","type":"image\/webp"}],"twitter_card":"summary_large_image","twitter_site":"@ArtistsChateau","twitter_misc":{"Tiempo de lectura":"3 minutos"},"schema":{"@context":"https:\/\/schema.org","@graph":[{"@type":"Article","@id":"https:\/\/theartistschateau.com\/#article","isPartOf":{"@id":"https:\/\/theartistschateau.com\/"},"author":{"name":"The Artists' Chateau\u00ae","@id":"https:\/\/theartistschateau.com\/#\/schema\/person\/e2c0b40c6f3ccadd5a7811ea0cae6826"},"headline":"Grand Entrance","datePublished":"2021-07-23T23:49:04+00:00","dateModified":"2026-01-10T00:58:16+00:00","mainEntityOfPage":{"@id":"https:\/\/theartistschateau.com\/"},"wordCount":364,"publisher":{"@id":"https:\/\/theartistschateau.com\/#organization"},"image":{"@id":"https:\/\/theartistschateau.com\/#primaryimage"},"thumbnailUrl":"https:\/\/theartistschateau.com\/wp-content\/uploads\/2022\/12\/rsw_1280-7-2.webp","inLanguage":"es"},{"@type":"WebPage","@id":"https:\/\/theartistschateau.com\/","url":"https:\/\/theartistschateau.com\/","name":"Home - Luxury Art Publication - The Artists Chateau","isPartOf":{"@id":"https:\/\/theartistschateau.com\/#website"},"primaryImageOfPage":{"@id":"https:\/\/theartistschateau.com\/#primaryimage"},"image":{"@id":"https:\/\/theartistschateau.com\/#primaryimage"},"thumbnailUrl":"https:\/\/theartistschateau.com\/wp-content\/uploads\/2022\/12\/rsw_1280-7-2.webp","datePublished":"2021-07-23T23:49:04+00:00","dateModified":"2026-01-10T00:58:16+00:00","description":"Discover The Artists Chateau Home, a luxury art publication offering bilingual fine arts resources and diverse cultural stories.","inLanguage":"es","potentialAction":[{"@type":"ReadAction","target":["https:\/\/theartistschateau.com\/"]}]},{"@type":"ImageObject","inLanguage":"es","@id":"https:\/\/theartistschateau.com\/#primaryimage","url":"https:\/\/theartistschateau.com\/wp-content\/uploads\/2022\/12\/rsw_1280-7-2.webp","contentUrl":"https:\/\/theartistschateau.com\/wp-content\/uploads\/2022\/12\/rsw_1280-7-2.webp","width":1280,"height":1128,"caption":"Madonna with Child and Six Saints | Sant' Ambrogio Altarpiece"},{"@type":"WebSite","@id":"https:\/\/theartistschateau.com\/#website","url":"https:\/\/theartistschateau.com\/","name":"The Artists' Chateau","description":"Your Concierge to Fine Arts","publisher":{"@id":"https:\/\/theartistschateau.com\/#organization"},"alternateName":"Artists' Chateau","potentialAction":[{"@type":"SearchAction","target":{"@type":"EntryPoint","urlTemplate":"https:\/\/theartistschateau.com\/?s={search_term_string}"},"query-input":{"@type":"PropertyValueSpecification","valueRequired":true,"valueName":"search_term_string"}}],"inLanguage":"es"},{"@type":"Organization","@id":"https:\/\/theartistschateau.com\/#organization","name":"The Artists' Chateau","url":"https:\/\/theartistschateau.com\/","logo":{"@type":"ImageObject","inLanguage":"es","@id":"https:\/\/theartistschateau.com\/#\/schema\/logo\/image\/","url":"https:\/\/theartistschateau.com\/wp-content\/uploads\/2021\/07\/White_R_AC_logo_NoBackground-0001-min.png","contentUrl":"https:\/\/theartistschateau.com\/wp-content\/uploads\/2021\/07\/White_R_AC_logo_NoBackground-0001-min.png","width":1012,"height":1486,"caption":"The Artists' Chateau"},"image":{"@id":"https:\/\/theartistschateau.com\/#\/schema\/logo\/image\/"},"sameAs":["https:\/\/www.facebook.com\/492210854191617","https:\/\/x.com\/ArtistsChateau","https:\/\/www.youtube.com\/c\/TheArtistsChateau-FineArtPublication"]},{"@type":"Person","@id":"https:\/\/theartistschateau.com\/#\/schema\/person\/e2c0b40c6f3ccadd5a7811ea0cae6826","name":"The Artists' Chateau\u00ae","image":{"@type":"ImageObject","inLanguage":"es","@id":"https:\/\/theartistschateau.com\/#\/schema\/person\/image\/","url":"https:\/\/secure.gravatar.com\/avatar\/0facfafb3f7e785a313b1f317f8201428697159578daf5870f0bdd80028eda23?s=96&d=mm&r=g","contentUrl":"https:\/\/secure.gravatar.com\/avatar\/0facfafb3f7e785a313b1f317f8201428697159578daf5870f0bdd80028eda23?s=96&d=mm&r=g","caption":"The Artists' Chateau\u00ae"},"sameAs":["https:\/\/theartistschateau.com"]}]}},"_links":{"self":[{"href":"https:\/\/theartistschateau.com\/es\/wp-json\/wp\/v2\/pages\/4","targetHints":{"allow":["GET"]}}],"collection":[{"href":"https:\/\/theartistschateau.com\/es\/wp-json\/wp\/v2\/pages"}],"about":[{"href":"https:\/\/theartistschateau.com\/es\/wp-json\/wp\/v2\/types\/page"}],"author":[{"embeddable":true,"href":"https:\/\/theartistschateau.com\/es\/wp-json\/wp\/v2\/users\/1"}],"replies":[{"embeddable":true,"href":"https:\/\/theartistschateau.com\/es\/wp-json\/wp\/v2\/comments?post=4"}],"version-history":[{"count":5,"href":"https:\/\/theartistschateau.com\/es\/wp-json\/wp\/v2\/pages\/4\/revisions"}],"predecessor-version":[{"id":5030,"href":"https:\/\/theartistschateau.com\/es\/wp-json\/wp\/v2\/pages\/4\/revisions\/5030"}],"wp:featuredmedia":[{"embeddable":true,"href":"https:\/\/theartistschateau.com\/es\/wp-json\/wp\/v2\/media\/4032"}],"wp:attachment":[{"href":"https:\/\/theartistschateau.com\/es\/wp-json\/wp\/v2\/media?parent=4"}],"curies":[{"name":"wp","href":"https:\/\/api.w.org\/{rel}","templated":true}]}}