{"id":6,"date":"2021-07-23T23:49:04","date_gmt":"2021-07-23T23:49:04","guid":{"rendered":"https:\/\/theartistschateau.com\/?page_id=6"},"modified":"2025-07-24T18:39:11","modified_gmt":"2025-07-24T18:39:11","slug":"foyer","status":"publish","type":"page","link":"https:\/\/theartistschateau.com\/es\/foyer\/","title":{"rendered":"Foyer"},"content":{"rendered":"<h1>\n\t\t\tYour Concierge to Fine Arts\u00ae\n\t\t<\/h1>\n\t\t\t<h5>English\t\t\t<\/h5>\n\t\t\t<!-- Display Switch -->\n\t\t\t<label><input type=\"checkbox\"\/><\/label>\n\t\t\t<h5>Espa\u00f1ol<\/h5>\n\t\t\t<p>Let&#8217;s begin with Introductions.<\/p>\n<p>Firstly, Please Make Yourself at Home.<\/p>\n<p>&nbsp;<\/p>\n<p>From Our inception, it was clear that we would be a print publication. Our Publisher, also an artist, recognizes the influence and importance of an opportunity to be celebrated in a prestigious printed publication.<\/p>\n<p>&nbsp;<\/p>\n<p>Our vision to establish such an exquisite publication has been many years in the making. A dedicated journey that incorporated research, mentoring, education, networking, prayer, and God&#8217;s grace. Now, we behold the full manifestation of the dream.<\/p>\n<p>&nbsp;<\/p>\n<p>We bring to you our first mass-produced, printed magazine. We&#8217;re excited to introduce the amazing artists and writers who are center stage in this production.<\/p>\n<p>&nbsp;<\/p>\n<p>Excellency is our measurement of standard in which we bring to you a finer decadence to indulge. The sophistication of the arts, ushered with the delicacy of accessibility, Our devotion is to plenish our audience, lavishly through a symphony of arts.<\/p>\n<p>&nbsp;<\/p>\n<p>This Inaugural print issue is honored with splendor by our following guests:<\/p>\n<p>Please Welcome~<\/p>\n<ul>\n<li>Mr. Brett Deubner &#8211; International Violist<\/li>\n<li>Mr. Steven DaLuz &#8211; International Artist (painter)<\/li>\n<li>Mr. Tommy Gregory &#8211; Artist (MFA)<\/li>\n<li>Hon. Mario Marcel Salas &#8211; Author and Civil Rights Activist and Educator<\/li>\n<\/ul>\n<p>Read, exclusively, Center Stage displayed Majestically in The Library.<\/p>\n\t\t\t<p>Primero, si\u00e9ntete como en casa.<\/p>\n<p>Desde nuestro comienzo, era claro que \u00edbamos empezar una publicaci\u00f3n de impreso. Nuestra editora, tambi\u00e9n una artista, se fij\u00f3 en la influencia e importancia de una oportunidad para celebrar artistas en una publicaci\u00f3n tan prestigiosa.<\/p>\n<p>Nuestra visi\u00f3n de hacer esta publicaci\u00f3n tan exquisita lleva muchos a\u00f1os en preparaci\u00f3n. Fue un viaje que incorpor\u00f3 investigaci\u00f3n, tutor\u00eda, educaci\u00f3n y oraciones, y Con la Gracia de Dios; por fin tenemos la manifestaci\u00f3n del sue\u00f1o.<\/p>\nPresentamos oficialmente nuestra primera edici\u00f3n. Nos emociona presentar artistas asombrosos y escritores como centro de esta producci\u00f3n.<br \/>\nLa excelencia es nuestro estand\u00e1rte para traerte este lujo y para proporcionar accesibilidad.<br \/>\nEn la primera edici\u00f3n es nuestro honor presentar: al\n<p>&nbsp;<\/p>\n<ul>\n<li>Sr. Brett Deubner &#8211; violinista internacional<\/li>\n<li>Sr. Steven DaLuz &#8211; artista internacional<\/li>\n<li>Sr. Tommy Gregory &#8211; artista, Maestro en las Bellas Artes<\/li>\n<li>Hon. Mario Marcel Salas &#8211; autor, educador y activista de derechos civiles<\/li>\n<\/ul>\n<p>Lee escenario central exclusivamente en la librer\u00eda.<\/p>\n\t\t<h2>\n\t\t\tWatch Us!\n\t\t<\/h2>\n\t\t\t<p><a href=\"https:\/\/www.youtube.com\/c\/TheArtistsChateau-FineArtPublication?sub_confirmation=1\">Don&#8217;t forget to subscribe to our channel.<\/a><\/p>\t\t\n\t\t\t\t\t<a href=\"https:\/\/www.youtube.com\/watch?v=qc3ktjtjkbQ\" aria-label=\"uabb-video-gallery\" data-fancybox=\"uabb-video-gallery\" data-url=\"https:\/\/www.youtube.com\/embed\/qc3ktjtjkbQ?autoplay=1&#038;version=3&#038;enablejsapi=1\"class=\"uabb-video-gallery-fancybox uabb-vg__play_full\">\t\t\t\t\t\t\n\t\t\t\t\t<\/a>\t\t\t\t\n\t\t\t\t\t<a href=\"https:\/\/www.youtube.com\/watch?v=_SZQhmxriVw\" aria-label=\"uabb-video-gallery\" data-fancybox=\"uabb-video-gallery\" data-url=\"https:\/\/www.youtube.com\/embed\/_SZQhmxriVw?autoplay=1&#038;version=3&#038;enablejsapi=1\"class=\"uabb-video-gallery-fancybox uabb-vg__play_full\">\t\t\t\t\t\t\n\t\t\t\t\t<\/a>\t\t\t\t\n\t\t<h2>\n\t\t\tPodcast on Spotify\n\t\t<\/h2>\n\t\t\t<p>Don&#8217;t forget to subscribe to our feed or follow us on Spotify!<\/p>\t\t\n\t\t\t<a href=\"https:\/\/anchor.fm\/s\/c58a3c78\/podcast\/rss\" target=\"_blank\" rel=\"noopener\" aria-label=\"Subscribe\">\n\t\t\t\t\t\t\t\tSubscribe \n\t\t\t\t\t\t\t<\/a>\n\t\t\t\t\tor\t\t\t\t\n\t\t\t<a href=\"https:\/\/open.spotify.com\/show\/4ULTCJFcOMyQ4rN1Xgy9gU?si=01feb50914e7487f\" target=\"_blank\" rel=\"noopener\" aria-label=\"Follow\">\n\t\t\t\t\t\t\t\tFollow\n\t\t\t\t\t\t\t<\/a>\n\t<iframe src=\"https:\/\/open.spotify.com\/embed\/playlist\/27bfLvKykKw1ZfPo8IC3z3?utm_source=generator&#038;theme=0\" width=\"100%\" height=\"380\" frameborder=\"0\" allowfullscreen=\"\" allow=\"autoplay; clipboard-write; encrypted-media; fullscreen; picture-in-picture\" loading=\"lazy\"><\/iframe>\n\t\t<h2>\n\t\t\tPodcast\n\t\t<\/h2>\n\t<a href=\"https:\/\/podcasts.apple.com\/us\/podcast\/the-artists-chateau\/id1655237416\" target=\"_blank\" rel=\"noopener\" aria-label=\"Go to https:\/\/podcasts.apple.com\/us\/podcast\/the-artists-chateau\/id1655237416\"><\/a>\n\t\t<h3>Apple Podcast:<\/h3>\t\t\t\n\t<a href=\"https:\/\/www.iheart.com\/podcast\/269-the-artists-chateau-104046129\/\" target=\"_blank\" rel=\"noopener\" aria-label=\"Go to https:\/\/www.iheart.com\/podcast\/269-the-artists-chateau-104046129\/\"><\/a>\n\t\t<h3>iHeart Podcast:<\/h3>\t\t\t\n\t<a href=\"https:\/\/www.pandora.com\/podcast\/the-artists-chateau-r\/PC:1001041846\" target=\"_blank\" rel=\"noopener\" aria-label=\"Go to https:\/\/www.pandora.com\/podcast\/the-artists-chateau-r\/PC:1001041846\"><\/a>\n\t\t<h3>Pandora Podcast:<\/h3>\t\t\t\n\t<a href=\"https:\/\/www.youtube.com\/@theartistschateau\/podcasts\" target=\"_blank\" rel=\"noopener\" aria-label=\"Go to https:\/\/www.youtube.com\/@theartistschateau\/podcasts\"><\/a>\n\t\t<h3>YouTube Channel:<\/h3>\t\t\t\n\t<a href=\"https:\/\/music.amazon.com\/podcasts\/4c646cad-4500-4951-b952-dc9fe19d2e76\/the-artists&#039;-chateau%C2%AE\" target=\"_blank\" rel=\"noopener\" aria-label=\"Go to https:\/\/music.amazon.com\/podcasts\/4c646cad-4500-4951-b952-dc9fe19d2e76\/the-artists&#039;-chateau%C2%AE\"><\/a>\n\t\t<h3>Amazon Podcast:<\/h3>\t\t\t\n\t<a href=\"https:\/\/open.spotify.com\/playlist\/27bfLvKykKw1ZfPo8IC3z3?go=1&#038;sp%5C_cid=617f2d22f042b3b9f8597e6b0b5c20b1&#038;utm%5C_source=embed%5C_player%5C_p&#038;utm%5C_medium=desktop&#038;nd=1&#038;dlsi=c63320d5c3af42c1\" target=\"_blank\" rel=\"noopener\" aria-label=\"Go to https:\/\/open.spotify.com\/playlist\/27bfLvKykKw1ZfPo8IC3z3?go=1&#038;sp%5C_cid=617f2d22f042b3b9f8597e6b0b5c20b1&#038;utm%5C_source=embed%5C_player%5C_p&#038;utm%5C_medium=desktop&#038;nd=1&#038;dlsi=c63320d5c3af42c1\"><\/a>\n\t\t<h3>Spotify Podcast:<\/h3>\t\t\t\n\t\t<h2>\n\t\t\tA Taste of the Print Issue\n\t\t<\/h2>\n\t\t\t<p>Your <strong>Likes<\/strong>, <strong>Shares<\/strong>, <strong>Subscribes <\/strong>and Engagement is Our Standing Ovation.This Video is a Taste of Our Hospitality as we Host Our Guests in This Issue.Enjoy<\/p>\t\t\n\t\t<iframe width=\"1200\" height=\"620\" src=\"https:\/\/www.youtube.com\/embed\/VPSS3Yxmghg\" title=\"YouTube video player\" frameborder=\"0\" allow=\"accelerometer; autoplay; clipboard-write; encrypted-media; gyroscope; picture-in-picture\" allowfullscreen><\/iframe>\t\n\t<h4>Connect To Our Expansive Audience<\/h4>\n\t\t<h2>\n\t\t\tPurchase Advertising &#038; Sponsorships\n\t\t\t\t\t\t\t\t\t\t\tContact By:\n\t\t<\/h2>\n\t<p>Publisher@TheArtistsChateau.com<\/p>\n\t\t\t\t<img decoding=\"async\" src=\"https:\/\/theartistschateau.com\/wp-content\/uploads\/2022\/09\/Artists-Chateau-logo-original-e1662069378260.png\" alt=\"A gold lion on top of a green background.\" itemprop=\"image\" height=\"773\" width=\"579\" title=\"A gold lion on top of a green background.\" onerror=\"this.style.display='none'\" loading='lazy' class=\"no-lazyload\" \/>\n\t<p>(210) 618-6129<\/p>\n\t\t<h2>\n\t\t\tWhich Ones Have You Seen?\n\t\t<\/h2>\n\t\t\t<p>Enjoy the Gallery<\/p>\t\t\n\t\t<h2>\n\t\t\tProceed  to\n\t\t\t\t\t\t\t\t\t\t\t the Library\n\t\t<\/h2>\n\t<a href=\"https:\/\/theartistschateau.com\/es\/library\/\" target=\"_self\" role=\"button\" aria-label=\"LIBRARY ENTRANCE\">\n\t\t\t\t\t\tLIBRARY ENTRANCE\n\t\t\t<\/a>","protected":false},"excerpt":{"rendered":"<p>Your Concierge to Fine Arts\u00ae English Espa\u00f1ol Let&#8217;s begin with Introductions. Firstly, Please Make Yourself at Home. &nbsp; From Our inception, it was clear that we would be a print&hellip;<\/p>","protected":false},"author":1,"featured_media":0,"parent":0,"menu_order":0,"comment_status":"closed","ping_status":"closed","template":"","meta":{"_coblocks_attr":"","_coblocks_dimensions":"","_coblocks_responsive_height":"","_coblocks_accordion_ie_support":"","footnotes":""},"class_list":["post-6","page","type-page","status-publish","hentry"],"yoast_head":"<!-- This site is optimized with the Yoast SEO plugin v25.8 - https:\/\/yoast.com\/wordpress\/plugins\/seo\/ -->\n<title>Foyer - Artistic Welcome Experience - The Artists Chateau<\/title>\n<meta name=\"description\" content=\"Step into The Artists Chateau Foyer and enjoy an artistic welcome experience that sets the stage for curated cultural and visual art.\" \/>\n<meta name=\"robots\" content=\"index, follow, max-snippet:-1, max-image-preview:large, max-video-preview:-1\" \/>\n<link rel=\"canonical\" href=\"https:\/\/theartistschateau.com\/es\/foyer\/\" \/>\n<meta property=\"og:locale\" content=\"es_ES\" \/>\n<meta property=\"og:type\" content=\"article\" \/>\n<meta property=\"og:title\" content=\"Foyer - Artistic Welcome Experience - The Artists Chateau\" \/>\n<meta property=\"og:description\" content=\"Step into The Artists Chateau Foyer and enjoy an artistic welcome experience that sets the stage for curated cultural and visual art.\" \/>\n<meta property=\"og:url\" content=\"https:\/\/theartistschateau.com\/es\/foyer\/\" \/>\n<meta property=\"og:site_name\" content=\"The Artists\u2019 Chateau\u00ae\" \/>\n<meta property=\"article:publisher\" content=\"https:\/\/www.facebook.com\/492210854191617\" \/>\n<meta property=\"article:modified_time\" content=\"2025-07-24T18:39:11+00:00\" \/>\n<meta property=\"og:image\" content=\"https:\/\/theartistschateau.com\/wp-content\/uploads\/2022\/09\/Artists-Chateau-logo-original-e1662069378260.png\" \/>\n<meta name=\"twitter:card\" content=\"summary_large_image\" \/>\n<meta name=\"twitter:site\" content=\"@ArtistsChateau\" \/>\n<meta name=\"twitter:label1\" content=\"Tiempo de lectura\" \/>\n\t<meta name=\"twitter:data1\" content=\"3 minutos\" \/>\n<script type=\"application\/ld+json\" class=\"yoast-schema-graph\">{\"@context\":\"https:\/\/schema.org\",\"@graph\":[{\"@type\":\"Article\",\"@id\":\"https:\/\/theartistschateau.com\/foyer\/#article\",\"isPartOf\":{\"@id\":\"https:\/\/theartistschateau.com\/foyer\/\"},\"author\":{\"name\":\"The Artists' Chateau\u00ae\",\"@id\":\"https:\/\/theartistschateau.com\/#\/schema\/person\/e2c0b40c6f3ccadd5a7811ea0cae6826\"},\"headline\":\"Foyer\",\"datePublished\":\"2021-07-23T23:49:04+00:00\",\"dateModified\":\"2025-07-24T18:39:11+00:00\",\"mainEntityOfPage\":{\"@id\":\"https:\/\/theartistschateau.com\/foyer\/\"},\"wordCount\":496,\"publisher\":{\"@id\":\"https:\/\/theartistschateau.com\/#organization\"},\"image\":{\"@id\":\"https:\/\/theartistschateau.com\/foyer\/#primaryimage\"},\"thumbnailUrl\":\"https:\/\/theartistschateau.com\/wp-content\/uploads\/2022\/09\/Artists-Chateau-logo-original-e1662069378260.png\",\"inLanguage\":\"es\"},{\"@type\":\"WebPage\",\"@id\":\"https:\/\/theartistschateau.com\/foyer\/\",\"url\":\"https:\/\/theartistschateau.com\/foyer\/\",\"name\":\"Foyer - Artistic Welcome Experience - The Artists Chateau\",\"isPartOf\":{\"@id\":\"https:\/\/theartistschateau.com\/#website\"},\"primaryImageOfPage\":{\"@id\":\"https:\/\/theartistschateau.com\/foyer\/#primaryimage\"},\"image\":{\"@id\":\"https:\/\/theartistschateau.com\/foyer\/#primaryimage\"},\"thumbnailUrl\":\"https:\/\/theartistschateau.com\/wp-content\/uploads\/2022\/09\/Artists-Chateau-logo-original-e1662069378260.png\",\"datePublished\":\"2021-07-23T23:49:04+00:00\",\"dateModified\":\"2025-07-24T18:39:11+00:00\",\"description\":\"Step into The Artists Chateau Foyer and enjoy an artistic welcome experience that sets the stage for curated cultural and visual art.\",\"inLanguage\":\"es\",\"potentialAction\":[{\"@type\":\"ReadAction\",\"target\":[\"https:\/\/theartistschateau.com\/foyer\/\"]}]},{\"@type\":\"ImageObject\",\"inLanguage\":\"es\",\"@id\":\"https:\/\/theartistschateau.com\/foyer\/#primaryimage\",\"url\":\"https:\/\/theartistschateau.com\/wp-content\/uploads\/2022\/09\/Artists-Chateau-logo-original-e1662069378260.png\",\"contentUrl\":\"https:\/\/theartistschateau.com\/wp-content\/uploads\/2022\/09\/Artists-Chateau-logo-original-e1662069378260.png\"},{\"@type\":\"WebSite\",\"@id\":\"https:\/\/theartistschateau.com\/#website\",\"url\":\"https:\/\/theartistschateau.com\/\",\"name\":\"The Artists' Chateau\",\"description\":\"Your Concierge to Fine Arts\",\"publisher\":{\"@id\":\"https:\/\/theartistschateau.com\/#organization\"},\"alternateName\":\"Artists' Chateau\",\"potentialAction\":[{\"@type\":\"SearchAction\",\"target\":{\"@type\":\"EntryPoint\",\"urlTemplate\":\"https:\/\/theartistschateau.com\/?s={search_term_string}\"},\"query-input\":{\"@type\":\"PropertyValueSpecification\",\"valueRequired\":true,\"valueName\":\"search_term_string\"}}],\"inLanguage\":\"es\"},{\"@type\":\"Organization\",\"@id\":\"https:\/\/theartistschateau.com\/#organization\",\"name\":\"The Artists' Chateau\",\"url\":\"https:\/\/theartistschateau.com\/\",\"logo\":{\"@type\":\"ImageObject\",\"inLanguage\":\"es\",\"@id\":\"https:\/\/theartistschateau.com\/#\/schema\/logo\/image\/\",\"url\":\"https:\/\/theartistschateau.com\/wp-content\/uploads\/2021\/07\/White_R_AC_logo_NoBackground-0001-min.png\",\"contentUrl\":\"https:\/\/theartistschateau.com\/wp-content\/uploads\/2021\/07\/White_R_AC_logo_NoBackground-0001-min.png\",\"width\":1012,\"height\":1486,\"caption\":\"The Artists' Chateau\"},\"image\":{\"@id\":\"https:\/\/theartistschateau.com\/#\/schema\/logo\/image\/\"},\"sameAs\":[\"https:\/\/www.facebook.com\/492210854191617\",\"https:\/\/x.com\/ArtistsChateau\",\"https:\/\/www.youtube.com\/c\/TheArtistsChateau-FineArtPublication\"]},{\"@type\":\"Person\",\"@id\":\"https:\/\/theartistschateau.com\/#\/schema\/person\/e2c0b40c6f3ccadd5a7811ea0cae6826\",\"name\":\"The Artists' Chateau\u00ae\",\"image\":{\"@type\":\"ImageObject\",\"inLanguage\":\"es\",\"@id\":\"https:\/\/theartistschateau.com\/#\/schema\/person\/image\/\",\"url\":\"https:\/\/secure.gravatar.com\/avatar\/0facfafb3f7e785a313b1f317f8201428697159578daf5870f0bdd80028eda23?s=96&d=mm&r=g\",\"contentUrl\":\"https:\/\/secure.gravatar.com\/avatar\/0facfafb3f7e785a313b1f317f8201428697159578daf5870f0bdd80028eda23?s=96&d=mm&r=g\",\"caption\":\"The Artists' Chateau\u00ae\"},\"sameAs\":[\"https:\/\/theartistschateau.com\"]}]}<\/script>\n<!-- \/ Yoast SEO plugin. -->","yoast_head_json":{"title":"Foyer - Artistic Welcome Experience - The Artists Chateau","description":"Step into The Artists Chateau Foyer and enjoy an artistic welcome experience that sets the stage for curated cultural and visual art.","robots":{"index":"index","follow":"follow","max-snippet":"max-snippet:-1","max-image-preview":"max-image-preview:large","max-video-preview":"max-video-preview:-1"},"canonical":"https:\/\/theartistschateau.com\/es\/foyer\/","og_locale":"es_ES","og_type":"article","og_title":"Foyer - Artistic Welcome Experience - The Artists Chateau","og_description":"Step into The Artists Chateau Foyer and enjoy an artistic welcome experience that sets the stage for curated cultural and visual art.","og_url":"https:\/\/theartistschateau.com\/es\/foyer\/","og_site_name":"The Artists\u2019 Chateau\u00ae","article_publisher":"https:\/\/www.facebook.com\/492210854191617","article_modified_time":"2025-07-24T18:39:11+00:00","og_image":[{"url":"https:\/\/theartistschateau.com\/wp-content\/uploads\/2022\/09\/Artists-Chateau-logo-original-e1662069378260.png","type":"","width":"","height":""}],"twitter_card":"summary_large_image","twitter_site":"@ArtistsChateau","twitter_misc":{"Tiempo de lectura":"3 minutos"},"schema":{"@context":"https:\/\/schema.org","@graph":[{"@type":"Article","@id":"https:\/\/theartistschateau.com\/foyer\/#article","isPartOf":{"@id":"https:\/\/theartistschateau.com\/foyer\/"},"author":{"name":"The Artists' Chateau\u00ae","@id":"https:\/\/theartistschateau.com\/#\/schema\/person\/e2c0b40c6f3ccadd5a7811ea0cae6826"},"headline":"Foyer","datePublished":"2021-07-23T23:49:04+00:00","dateModified":"2025-07-24T18:39:11+00:00","mainEntityOfPage":{"@id":"https:\/\/theartistschateau.com\/foyer\/"},"wordCount":496,"publisher":{"@id":"https:\/\/theartistschateau.com\/#organization"},"image":{"@id":"https:\/\/theartistschateau.com\/foyer\/#primaryimage"},"thumbnailUrl":"https:\/\/theartistschateau.com\/wp-content\/uploads\/2022\/09\/Artists-Chateau-logo-original-e1662069378260.png","inLanguage":"es"},{"@type":"WebPage","@id":"https:\/\/theartistschateau.com\/foyer\/","url":"https:\/\/theartistschateau.com\/foyer\/","name":"Foyer - Artistic Welcome Experience - The Artists Chateau","isPartOf":{"@id":"https:\/\/theartistschateau.com\/#website"},"primaryImageOfPage":{"@id":"https:\/\/theartistschateau.com\/foyer\/#primaryimage"},"image":{"@id":"https:\/\/theartistschateau.com\/foyer\/#primaryimage"},"thumbnailUrl":"https:\/\/theartistschateau.com\/wp-content\/uploads\/2022\/09\/Artists-Chateau-logo-original-e1662069378260.png","datePublished":"2021-07-23T23:49:04+00:00","dateModified":"2025-07-24T18:39:11+00:00","description":"Step into The Artists Chateau Foyer and enjoy an artistic welcome experience that sets the stage for curated cultural and visual art.","inLanguage":"es","potentialAction":[{"@type":"ReadAction","target":["https:\/\/theartistschateau.com\/foyer\/"]}]},{"@type":"ImageObject","inLanguage":"es","@id":"https:\/\/theartistschateau.com\/foyer\/#primaryimage","url":"https:\/\/theartistschateau.com\/wp-content\/uploads\/2022\/09\/Artists-Chateau-logo-original-e1662069378260.png","contentUrl":"https:\/\/theartistschateau.com\/wp-content\/uploads\/2022\/09\/Artists-Chateau-logo-original-e1662069378260.png"},{"@type":"WebSite","@id":"https:\/\/theartistschateau.com\/#website","url":"https:\/\/theartistschateau.com\/","name":"The Artists' Chateau","description":"Your Concierge to Fine Arts","publisher":{"@id":"https:\/\/theartistschateau.com\/#organization"},"alternateName":"Artists' Chateau","potentialAction":[{"@type":"SearchAction","target":{"@type":"EntryPoint","urlTemplate":"https:\/\/theartistschateau.com\/?s={search_term_string}"},"query-input":{"@type":"PropertyValueSpecification","valueRequired":true,"valueName":"search_term_string"}}],"inLanguage":"es"},{"@type":"Organization","@id":"https:\/\/theartistschateau.com\/#organization","name":"The Artists' Chateau","url":"https:\/\/theartistschateau.com\/","logo":{"@type":"ImageObject","inLanguage":"es","@id":"https:\/\/theartistschateau.com\/#\/schema\/logo\/image\/","url":"https:\/\/theartistschateau.com\/wp-content\/uploads\/2021\/07\/White_R_AC_logo_NoBackground-0001-min.png","contentUrl":"https:\/\/theartistschateau.com\/wp-content\/uploads\/2021\/07\/White_R_AC_logo_NoBackground-0001-min.png","width":1012,"height":1486,"caption":"The Artists' Chateau"},"image":{"@id":"https:\/\/theartistschateau.com\/#\/schema\/logo\/image\/"},"sameAs":["https:\/\/www.facebook.com\/492210854191617","https:\/\/x.com\/ArtistsChateau","https:\/\/www.youtube.com\/c\/TheArtistsChateau-FineArtPublication"]},{"@type":"Person","@id":"https:\/\/theartistschateau.com\/#\/schema\/person\/e2c0b40c6f3ccadd5a7811ea0cae6826","name":"The Artists' Chateau\u00ae","image":{"@type":"ImageObject","inLanguage":"es","@id":"https:\/\/theartistschateau.com\/#\/schema\/person\/image\/","url":"https:\/\/secure.gravatar.com\/avatar\/0facfafb3f7e785a313b1f317f8201428697159578daf5870f0bdd80028eda23?s=96&d=mm&r=g","contentUrl":"https:\/\/secure.gravatar.com\/avatar\/0facfafb3f7e785a313b1f317f8201428697159578daf5870f0bdd80028eda23?s=96&d=mm&r=g","caption":"The Artists' Chateau\u00ae"},"sameAs":["https:\/\/theartistschateau.com"]}]}},"_links":{"self":[{"href":"https:\/\/theartistschateau.com\/es\/wp-json\/wp\/v2\/pages\/6","targetHints":{"allow":["GET"]}}],"collection":[{"href":"https:\/\/theartistschateau.com\/es\/wp-json\/wp\/v2\/pages"}],"about":[{"href":"https:\/\/theartistschateau.com\/es\/wp-json\/wp\/v2\/types\/page"}],"author":[{"embeddable":true,"href":"https:\/\/theartistschateau.com\/es\/wp-json\/wp\/v2\/users\/1"}],"replies":[{"embeddable":true,"href":"https:\/\/theartistschateau.com\/es\/wp-json\/wp\/v2\/comments?post=6"}],"version-history":[{"count":5,"href":"https:\/\/theartistschateau.com\/es\/wp-json\/wp\/v2\/pages\/6\/revisions"}],"predecessor-version":[{"id":4961,"href":"https:\/\/theartistschateau.com\/es\/wp-json\/wp\/v2\/pages\/6\/revisions\/4961"}],"wp:attachment":[{"href":"https:\/\/theartistschateau.com\/es\/wp-json\/wp\/v2\/media?parent=6"}],"curies":[{"name":"wp","href":"https:\/\/api.w.org\/{rel}","templated":true}]}}