{"id":621,"date":"2021-08-24T07:12:47","date_gmt":"2021-08-24T07:12:47","guid":{"rendered":"https:\/\/theartistschateau.com\/?page_id=621"},"modified":"2025-06-23T22:01:49","modified_gmt":"2025-06-23T22:01:49","slug":"metropolitan-museum-of-art","status":"publish","type":"page","link":"https:\/\/theartistschateau.com\/es\/metropolitan-museum-of-art\/","title":{"rendered":"The Metropolitan Museum of Art"},"content":{"rendered":"<p><!DOCTYPE html PUBLIC \"-\/\/W3C\/\/DTD HTML 4.0 Transitional\/\/EN\" \"http:\/\/www.w3.org\/TR\/REC-html40\/loose.dtd\"><\/p>\n\n\n<a href=\"https:\/\/theartistschateau.com\/es\/library\/\" target=\"_self\" role=\"button\" aria-label=\"Back to Library\" rel=\"noopener\">\n\t\t\t\t\t\tBack to Library\n\t\t\t\t\t<\/a>\n\t\t<h2>\n\t\t\tThe Met\n\t\t\t\t\t\t\t\t\t\t\tSecondary Title\n\t\t<\/h2>\n\t\t\t\t<img decoding=\"async\" src=\"https:\/\/theartistschateau.com\/wp-content\/uploads\/2022\/11\/pexels-charles-parker-5845467.jpg\" alt=\"A building with columns and arches on the side of it.\" itemprop=\"image\" title=\"pexels-charles-parker-5845467\" onerror=\"this.style.display='none'\" class=\"no-lazyload\">\n\t<p>&nbsp;<\/p>\n<p>Website: <a href=\"https:\/\/www.metmuseum.org\/\" target=\"_blank\" rel=\"noopener\">metmuseum.org<\/a><\/p>\n<p>Address: <a href=\"https:\/\/www.google.com\/maps\/place\/The+Metropolitan+Museum+of+Art\/@40.7794366,-73.963244,15z\/data=!4m5!3m4!1s0x0:0x3b2fa4f4b6c6a1fa!8m2!3d40.7794366!4d-73.963244\" target=\"_blank\" rel=\"noopener\">1000 5th Ave, New York, NY 10028<\/a><\/p>\n<p>Phone:\u00c2&nbsp;<a href=\"tel:+12125357710\" target=\"_blank\" rel=\"noopener\">(212) 535-7710<\/a><\/p>\n<p>&nbsp;<\/p>\n\t\t\t\t\t\t<!-- pagination -->\n\t\t\t\t\t\t<!-- pagination -->\n\t\t<h2>\n\t\t\tVirtual Openings\n\t\t<\/h2>\n\t\t\t\t\t<a href=\"https:\/\/www.youtube.com\/watch?v=PCB0_d7H3rE\" aria-label=\"uabb-video-gallery\" data-fancybox=\"uabb-video-gallery\" data-url=\"https:\/\/www.youtube.com\/embed\/PCB0_d7H3rE?autoplay=1&amp;version=3&amp;enablejsapi=1\" class=\"uabb-video-gallery-fancybox uabb-vg__play_full\">\t\t\t\t\t\t\n\t\t\t\t\t<\/a>\t\t\t\t\n\t\t\t\t\t<a href=\"https:\/\/www.youtube.com\/watch?v=ejGERwLV2Kg\" aria-label=\"uabb-video-gallery\" data-fancybox=\"uabb-video-gallery\" data-url=\"https:\/\/www.youtube.com\/embed\/ejGERwLV2Kg?autoplay=1&amp;version=3&amp;enablejsapi=1\" class=\"uabb-video-gallery-fancybox uabb-vg__play_full\">\t\t\t\t\t\t\n\t\t\t\t\t<\/a>\t\t\t\t\n\t\t<h2>\n\t\t\tAlice Neel: People Come First\n\t\t<\/h2>\n\t\t\t\t\t<a href=\"https:\/\/www.youtube.com\/watch?v=3CxZ2PrXQ1M&amp;t=3s\" aria-label=\"uabb-video-gallery\" data-fancybox=\"uabb-video-gallery\" data-url=\"https:\/\/www.youtube.com\/embed\/3CxZ2PrXQ1M?autoplay=1&amp;version=3&amp;enablejsapi=1\" class=\"uabb-video-gallery-fancybox uabb-vg__play_full\">\t\t\t\t\t\t\n\t\t\t\t\t<\/a>\t\t\t\t\n\t\t<h2>\n\t\t\tThe Medici: Portraits and Politics\n\t\t<\/h2>\n\t\t\t\t\t<a href=\"https:\/\/www.youtube.com\/watch?v=x-733sBOlB4\" aria-label=\"uabb-video-gallery\" data-fancybox=\"uabb-video-gallery\" data-url=\"https:\/\/www.youtube.com\/embed\/x-733sBOlB4?autoplay=1&amp;version=3&amp;enablejsapi=1\" class=\"uabb-video-gallery-fancybox uabb-vg__play_full\">\t\t\t\t\t\t\n\t\t\t\t\t<\/a>\t\t\t\t\n\t\t<h2>\n\t\t\tCubism and the Trompe l&#8217;Oeil Tradition\n\t\t<\/h2>\n\t\t\t\t\t<a href=\"https:\/\/www.youtube.com\/watch?v=L5mPQ4rfoF8\" aria-label=\"uabb-video-gallery\" data-fancybox=\"uabb-video-gallery\" data-url=\"https:\/\/www.youtube.com\/embed\/L5mPQ4rfoF8?autoplay=1&amp;version=3&amp;enablejsapi=1\" class=\"uabb-video-gallery-fancybox uabb-vg__play_full\">\t\t\t\t\t\t\n\t\t\t\t\t<\/a>\t\t\t\t\n\t\t<h2>\n\t\t\tThe Tudors: Art and Majesty in Renaissance England\n\t\t<\/h2>\n\t<h4>Connect To Our Expansive Audience<\/h4>\n\t\t<h2>\n\t\t\tPurchase Advertising &amp; Sponsorships\n\t\t\t\t\t\t\t\t\t\t\tContact By:\n\t\t<\/h2>\n\t<p>Publisher@TheArtistsChateau.com<\/p>\n\t\t\t\t<img decoding=\"async\" src=\"https:\/\/theartistschateau.com\/wp-content\/uploads\/2022\/09\/Artists-Chateau-logo-original-e1662069378260.png\" alt=\"A gold lion on top of a green background.\" itemprop=\"image\" height=\"773\" width=\"579\" title=\"Artists' Chateau logo original\" onerror=\"this.style.display='none'\" class=\"no-lazyload\">\n\t<p>(210) 618-6129<\/p>\n\t\t<h2>\n\t\t\tInsider Insights\n\t\t<\/h2>\n\t\t\t\t\t<img decoding=\"async\" src=\"https:\/\/i.ytimg.com\/vi\/9HOgcP5UBUU\/sddefault.jpg\" alt=\"youtube-video-thumbnail\" class=\"no-lazyload\">\n\t\t<h2>\n\t\t\tThe Japanese Kimono | Insider Insights\n\t\t<\/h2>\n\t<p>Join Met experts to explore the history and modernization of the Japanese kimono. Learn about Japan&#8217;s famed weaving, dying, and embroidery techniques along with discoveries from new scientific research. \u00c2&nbsp;Monika Bincsik, Diane and Arthur Abbey Associate Curator of Japanese Decorative Arts, The Met \u00c2&nbsp;Marco Leona, David H. Koch Scientist in Charge, Scientific Research, The Met \u00c2&nbsp;Presented in conjunction with the exhibition Kimono Style: The John C. Weber Collection.<\/p>\n\t\t<h2>\n\t\t\tMetLiveArts\n\t\t<\/h2>\n\t\t\t\t\t<img decoding=\"async\" src=\"https:\/\/i.ytimg.com\/vi\/R1m4jmRScZE\/sddefault.jpg\" alt=\"youtube-video-thumbnail\" class=\"no-lazyload\">\n\t\t\n\t\t\t<p>Enjoy Sonic Cloisters: A MetLiveArts series of site-specific electronic music performances. This video features \u00c2&nbsp;Sonic Cloisters 01: Lost Souls of Saturn.\u00c2&nbsp;Recorded in the unique spaces of The Met Cloisters. Created specifically for digital platforms, Sonic Cloisters emphasizes the look, feel, and sound of the Cloisters as the inspiration and starting point for new electronic music.\u00c2&nbsp;<\/p>\t\t\n\t\t\t\t\t<img decoding=\"async\" src=\"https:\/\/i.ytimg.com\/vi\/R1m4jmRScZE\/sddefault.jpg\" alt=\"youtube-video-thumbnail\" class=\"no-lazyload\">\n\t\t\n\t\t\t<p>Enjoy Sonic Cloisters: A MetLiveArts series of site-specific electronic music performances. This video features \u00c2&nbsp;Sonic Cloisters 02: Jlin.Recorded in the unique spaces of The Met Cloisters. Created specifically for digital platforms, Sonic Cloisters emphasizes the look, feel, and sound of the Cloisters as the inspiration and starting point for new electronic music.\u00c2&nbsp;<\/p>\t\t\n\t\t\t\t\t<img decoding=\"async\" src=\"https:\/\/i.ytimg.com\/vi\/vyTDQtEGIt8\/sddefault.jpg\" alt=\"youtube-video-thumbnail\" class=\"no-lazyload\">\n\t\t\n\t\t\t<p>Enjoy Sonic Cloisters: A MetLiveArts series of site-specific electronic music performances. This video features \u00c2&nbsp;Sonic Cloisters 03: DubfireRecorded in the unique spaces of The Met Cloisters. Created specifically for digital platforms, Sonic Cloisters emphasizes the look, feel, and sound of the Cloisters as the inspiration and starting point for new electronic music.<\/p>\t\t\n\t\t\t\t\t\t<!-- pagination -->\n\t\t\t\t\t\t<!-- pagination -->\n\t<a href=\"https:\/\/theartistschateau.com\/es\/library\/\" target=\"_self\" role=\"button\" aria-label=\"RETURN\" rel=\"noopener\">\n\t\t\t\t\t\tRETURN\n\t\t\t\t\t<\/a>\n\t\t<h2>\n\t\t\tReturn to The Library\n\t\t<\/h2>\n\n\n<p><\/body><\/html><\/p>","protected":false},"excerpt":{"rendered":"<p>Back to Library The Met Secondary Title &nbsp; Website: metmuseum.org Address: 1000 5th Ave, New York, NY 10028 Phone:\u00c2&nbsp;(212) 535-7710 &nbsp; Virtual Openings Alice Neel: People Come First The Medici:&hellip;<\/p>","protected":false},"author":1,"featured_media":3564,"parent":0,"menu_order":0,"comment_status":"closed","ping_status":"closed","template":"","meta":{"_coblocks_attr":"","_coblocks_dimensions":"","_coblocks_responsive_height":"","_coblocks_accordion_ie_support":"","footnotes":""},"class_list":["post-621","page","type-page","status-publish","has-post-thumbnail","hentry"],"yoast_head":"<!-- This site is optimized with the Yoast SEO plugin v25.8 - https:\/\/yoast.com\/wordpress\/plugins\/seo\/ -->\n<title>The Metropolitan Museum of Art - The Met Virtual Openings<\/title>\n<meta name=\"description\" content=\"Explore art and majesty at The Artists Chateau. Connect to our expansive audience, enjoy unique performances and insights. Visit us now.\" \/>\n<meta name=\"robots\" content=\"index, follow, max-snippet:-1, max-image-preview:large, max-video-preview:-1\" \/>\n<link rel=\"canonical\" href=\"https:\/\/theartistschateau.com\/es\/metropolitan-museum-of-art\/\" \/>\n<meta property=\"og:locale\" content=\"es_ES\" \/>\n<meta property=\"og:type\" content=\"article\" \/>\n<meta property=\"og:title\" content=\"The Metropolitan Museum of Art - The Met Virtual Openings\" \/>\n<meta property=\"og:description\" content=\"Explore art and majesty at The Artists Chateau. Connect to our expansive audience, enjoy unique performances and insights. Visit us now.\" \/>\n<meta property=\"og:url\" content=\"https:\/\/theartistschateau.com\/es\/metropolitan-museum-of-art\/\" \/>\n<meta property=\"og:site_name\" content=\"The Artists\u2019 Chateau\u00ae\" \/>\n<meta property=\"article:publisher\" content=\"https:\/\/www.facebook.com\/492210854191617\" \/>\n<meta property=\"article:modified_time\" content=\"2025-06-23T22:01:49+00:00\" \/>\n<meta property=\"og:image\" content=\"https:\/\/theartistschateau.com\/wp-content\/uploads\/2022\/11\/pexels-charles-parker-5845467.jpg\" \/>\n\t<meta property=\"og:image:width\" content=\"1280\" \/>\n\t<meta property=\"og:image:height\" content=\"853\" \/>\n\t<meta property=\"og:image:type\" content=\"image\/jpeg\" \/>\n<meta name=\"twitter:card\" content=\"summary_large_image\" \/>\n<meta name=\"twitter:site\" content=\"@ArtistsChateau\" \/>\n<meta name=\"twitter:label1\" content=\"Tiempo de lectura\" \/>\n\t<meta name=\"twitter:data1\" content=\"5 minutos\" \/>\n<script type=\"application\/ld+json\" class=\"yoast-schema-graph\">{\"@context\":\"https:\/\/schema.org\",\"@graph\":[{\"@type\":\"Article\",\"@id\":\"https:\/\/theartistschateau.com\/metropolitan-museum-of-art\/#article\",\"isPartOf\":{\"@id\":\"https:\/\/theartistschateau.com\/metropolitan-museum-of-art\/\"},\"author\":{\"name\":\"The Artists' Chateau\u00ae\",\"@id\":\"https:\/\/theartistschateau.com\/#\/schema\/person\/e2c0b40c6f3ccadd5a7811ea0cae6826\"},\"headline\":\"The Metropolitan Museum of Art\",\"datePublished\":\"2021-08-24T07:12:47+00:00\",\"dateModified\":\"2025-06-23T22:01:49+00:00\",\"mainEntityOfPage\":{\"@id\":\"https:\/\/theartistschateau.com\/metropolitan-museum-of-art\/\"},\"wordCount\":317,\"publisher\":{\"@id\":\"https:\/\/theartistschateau.com\/#organization\"},\"image\":{\"@id\":\"https:\/\/theartistschateau.com\/metropolitan-museum-of-art\/#primaryimage\"},\"thumbnailUrl\":\"https:\/\/theartistschateau.com\/wp-content\/uploads\/2022\/11\/pexels-charles-parker-5845467.jpg\",\"inLanguage\":\"es\"},{\"@type\":\"WebPage\",\"@id\":\"https:\/\/theartistschateau.com\/metropolitan-museum-of-art\/\",\"url\":\"https:\/\/theartistschateau.com\/metropolitan-museum-of-art\/\",\"name\":\"The Metropolitan Museum of Art - The Met Virtual Openings\",\"isPartOf\":{\"@id\":\"https:\/\/theartistschateau.com\/#website\"},\"primaryImageOfPage\":{\"@id\":\"https:\/\/theartistschateau.com\/metropolitan-museum-of-art\/#primaryimage\"},\"image\":{\"@id\":\"https:\/\/theartistschateau.com\/metropolitan-museum-of-art\/#primaryimage\"},\"thumbnailUrl\":\"https:\/\/theartistschateau.com\/wp-content\/uploads\/2022\/11\/pexels-charles-parker-5845467.jpg\",\"datePublished\":\"2021-08-24T07:12:47+00:00\",\"dateModified\":\"2025-06-23T22:01:49+00:00\",\"description\":\"Explore art and majesty at The Artists Chateau. Connect to our expansive audience, enjoy unique performances and insights. Visit us now.\",\"inLanguage\":\"es\",\"potentialAction\":[{\"@type\":\"ReadAction\",\"target\":[\"https:\/\/theartistschateau.com\/metropolitan-museum-of-art\/\"]}]},{\"@type\":\"ImageObject\",\"inLanguage\":\"es\",\"@id\":\"https:\/\/theartistschateau.com\/metropolitan-museum-of-art\/#primaryimage\",\"url\":\"https:\/\/theartistschateau.com\/wp-content\/uploads\/2022\/11\/pexels-charles-parker-5845467.jpg\",\"contentUrl\":\"https:\/\/theartistschateau.com\/wp-content\/uploads\/2022\/11\/pexels-charles-parker-5845467.jpg\",\"width\":1280,\"height\":853,\"caption\":\"A building with columns and arches on the side of it.\"},{\"@type\":\"WebSite\",\"@id\":\"https:\/\/theartistschateau.com\/#website\",\"url\":\"https:\/\/theartistschateau.com\/\",\"name\":\"The Artists' Chateau\",\"description\":\"Your Concierge to Fine Arts\",\"publisher\":{\"@id\":\"https:\/\/theartistschateau.com\/#organization\"},\"alternateName\":\"Artists' Chateau\",\"potentialAction\":[{\"@type\":\"SearchAction\",\"target\":{\"@type\":\"EntryPoint\",\"urlTemplate\":\"https:\/\/theartistschateau.com\/?s={search_term_string}\"},\"query-input\":{\"@type\":\"PropertyValueSpecification\",\"valueRequired\":true,\"valueName\":\"search_term_string\"}}],\"inLanguage\":\"es\"},{\"@type\":\"Organization\",\"@id\":\"https:\/\/theartistschateau.com\/#organization\",\"name\":\"The Artists' Chateau\",\"url\":\"https:\/\/theartistschateau.com\/\",\"logo\":{\"@type\":\"ImageObject\",\"inLanguage\":\"es\",\"@id\":\"https:\/\/theartistschateau.com\/#\/schema\/logo\/image\/\",\"url\":\"https:\/\/theartistschateau.com\/wp-content\/uploads\/2021\/07\/White_R_AC_logo_NoBackground-0001-min.png\",\"contentUrl\":\"https:\/\/theartistschateau.com\/wp-content\/uploads\/2021\/07\/White_R_AC_logo_NoBackground-0001-min.png\",\"width\":1012,\"height\":1486,\"caption\":\"The Artists' Chateau\"},\"image\":{\"@id\":\"https:\/\/theartistschateau.com\/#\/schema\/logo\/image\/\"},\"sameAs\":[\"https:\/\/www.facebook.com\/492210854191617\",\"https:\/\/x.com\/ArtistsChateau\",\"https:\/\/www.youtube.com\/c\/TheArtistsChateau-FineArtPublication\"]},{\"@type\":\"Person\",\"@id\":\"https:\/\/theartistschateau.com\/#\/schema\/person\/e2c0b40c6f3ccadd5a7811ea0cae6826\",\"name\":\"The Artists' Chateau\u00ae\",\"image\":{\"@type\":\"ImageObject\",\"inLanguage\":\"es\",\"@id\":\"https:\/\/theartistschateau.com\/#\/schema\/person\/image\/\",\"url\":\"https:\/\/secure.gravatar.com\/avatar\/0facfafb3f7e785a313b1f317f8201428697159578daf5870f0bdd80028eda23?s=96&d=mm&r=g\",\"contentUrl\":\"https:\/\/secure.gravatar.com\/avatar\/0facfafb3f7e785a313b1f317f8201428697159578daf5870f0bdd80028eda23?s=96&d=mm&r=g\",\"caption\":\"The Artists' Chateau\u00ae\"},\"sameAs\":[\"https:\/\/theartistschateau.com\"]}]}<\/script>\n<!-- \/ Yoast SEO plugin. -->","yoast_head_json":{"title":"The Metropolitan Museum of Art - The Met Virtual Openings","description":"Explore art and majesty at The Artists Chateau. Connect to our expansive audience, enjoy unique performances and insights. Visit us now.","robots":{"index":"index","follow":"follow","max-snippet":"max-snippet:-1","max-image-preview":"max-image-preview:large","max-video-preview":"max-video-preview:-1"},"canonical":"https:\/\/theartistschateau.com\/es\/metropolitan-museum-of-art\/","og_locale":"es_ES","og_type":"article","og_title":"The Metropolitan Museum of Art - The Met Virtual Openings","og_description":"Explore art and majesty at The Artists Chateau. Connect to our expansive audience, enjoy unique performances and insights. Visit us now.","og_url":"https:\/\/theartistschateau.com\/es\/metropolitan-museum-of-art\/","og_site_name":"The Artists\u2019 Chateau\u00ae","article_publisher":"https:\/\/www.facebook.com\/492210854191617","article_modified_time":"2025-06-23T22:01:49+00:00","og_image":[{"width":1280,"height":853,"url":"https:\/\/theartistschateau.com\/wp-content\/uploads\/2022\/11\/pexels-charles-parker-5845467.jpg","type":"image\/jpeg"}],"twitter_card":"summary_large_image","twitter_site":"@ArtistsChateau","twitter_misc":{"Tiempo de lectura":"5 minutos"},"schema":{"@context":"https:\/\/schema.org","@graph":[{"@type":"Article","@id":"https:\/\/theartistschateau.com\/metropolitan-museum-of-art\/#article","isPartOf":{"@id":"https:\/\/theartistschateau.com\/metropolitan-museum-of-art\/"},"author":{"name":"The Artists' Chateau\u00ae","@id":"https:\/\/theartistschateau.com\/#\/schema\/person\/e2c0b40c6f3ccadd5a7811ea0cae6826"},"headline":"The Metropolitan Museum of Art","datePublished":"2021-08-24T07:12:47+00:00","dateModified":"2025-06-23T22:01:49+00:00","mainEntityOfPage":{"@id":"https:\/\/theartistschateau.com\/metropolitan-museum-of-art\/"},"wordCount":317,"publisher":{"@id":"https:\/\/theartistschateau.com\/#organization"},"image":{"@id":"https:\/\/theartistschateau.com\/metropolitan-museum-of-art\/#primaryimage"},"thumbnailUrl":"https:\/\/theartistschateau.com\/wp-content\/uploads\/2022\/11\/pexels-charles-parker-5845467.jpg","inLanguage":"es"},{"@type":"WebPage","@id":"https:\/\/theartistschateau.com\/metropolitan-museum-of-art\/","url":"https:\/\/theartistschateau.com\/metropolitan-museum-of-art\/","name":"The Metropolitan Museum of Art - The Met Virtual Openings","isPartOf":{"@id":"https:\/\/theartistschateau.com\/#website"},"primaryImageOfPage":{"@id":"https:\/\/theartistschateau.com\/metropolitan-museum-of-art\/#primaryimage"},"image":{"@id":"https:\/\/theartistschateau.com\/metropolitan-museum-of-art\/#primaryimage"},"thumbnailUrl":"https:\/\/theartistschateau.com\/wp-content\/uploads\/2022\/11\/pexels-charles-parker-5845467.jpg","datePublished":"2021-08-24T07:12:47+00:00","dateModified":"2025-06-23T22:01:49+00:00","description":"Explore art and majesty at The Artists Chateau. Connect to our expansive audience, enjoy unique performances and insights. Visit us now.","inLanguage":"es","potentialAction":[{"@type":"ReadAction","target":["https:\/\/theartistschateau.com\/metropolitan-museum-of-art\/"]}]},{"@type":"ImageObject","inLanguage":"es","@id":"https:\/\/theartistschateau.com\/metropolitan-museum-of-art\/#primaryimage","url":"https:\/\/theartistschateau.com\/wp-content\/uploads\/2022\/11\/pexels-charles-parker-5845467.jpg","contentUrl":"https:\/\/theartistschateau.com\/wp-content\/uploads\/2022\/11\/pexels-charles-parker-5845467.jpg","width":1280,"height":853,"caption":"A building with columns and arches on the side of it."},{"@type":"WebSite","@id":"https:\/\/theartistschateau.com\/#website","url":"https:\/\/theartistschateau.com\/","name":"The Artists' Chateau","description":"Your Concierge to Fine Arts","publisher":{"@id":"https:\/\/theartistschateau.com\/#organization"},"alternateName":"Artists' Chateau","potentialAction":[{"@type":"SearchAction","target":{"@type":"EntryPoint","urlTemplate":"https:\/\/theartistschateau.com\/?s={search_term_string}"},"query-input":{"@type":"PropertyValueSpecification","valueRequired":true,"valueName":"search_term_string"}}],"inLanguage":"es"},{"@type":"Organization","@id":"https:\/\/theartistschateau.com\/#organization","name":"The Artists' Chateau","url":"https:\/\/theartistschateau.com\/","logo":{"@type":"ImageObject","inLanguage":"es","@id":"https:\/\/theartistschateau.com\/#\/schema\/logo\/image\/","url":"https:\/\/theartistschateau.com\/wp-content\/uploads\/2021\/07\/White_R_AC_logo_NoBackground-0001-min.png","contentUrl":"https:\/\/theartistschateau.com\/wp-content\/uploads\/2021\/07\/White_R_AC_logo_NoBackground-0001-min.png","width":1012,"height":1486,"caption":"The Artists' Chateau"},"image":{"@id":"https:\/\/theartistschateau.com\/#\/schema\/logo\/image\/"},"sameAs":["https:\/\/www.facebook.com\/492210854191617","https:\/\/x.com\/ArtistsChateau","https:\/\/www.youtube.com\/c\/TheArtistsChateau-FineArtPublication"]},{"@type":"Person","@id":"https:\/\/theartistschateau.com\/#\/schema\/person\/e2c0b40c6f3ccadd5a7811ea0cae6826","name":"The Artists' Chateau\u00ae","image":{"@type":"ImageObject","inLanguage":"es","@id":"https:\/\/theartistschateau.com\/#\/schema\/person\/image\/","url":"https:\/\/secure.gravatar.com\/avatar\/0facfafb3f7e785a313b1f317f8201428697159578daf5870f0bdd80028eda23?s=96&d=mm&r=g","contentUrl":"https:\/\/secure.gravatar.com\/avatar\/0facfafb3f7e785a313b1f317f8201428697159578daf5870f0bdd80028eda23?s=96&d=mm&r=g","caption":"The Artists' Chateau\u00ae"},"sameAs":["https:\/\/theartistschateau.com"]}]}},"_links":{"self":[{"href":"https:\/\/theartistschateau.com\/es\/wp-json\/wp\/v2\/pages\/621","targetHints":{"allow":["GET"]}}],"collection":[{"href":"https:\/\/theartistschateau.com\/es\/wp-json\/wp\/v2\/pages"}],"about":[{"href":"https:\/\/theartistschateau.com\/es\/wp-json\/wp\/v2\/types\/page"}],"author":[{"embeddable":true,"href":"https:\/\/theartistschateau.com\/es\/wp-json\/wp\/v2\/users\/1"}],"replies":[{"embeddable":true,"href":"https:\/\/theartistschateau.com\/es\/wp-json\/wp\/v2\/comments?post=621"}],"version-history":[{"count":4,"href":"https:\/\/theartistschateau.com\/es\/wp-json\/wp\/v2\/pages\/621\/revisions"}],"predecessor-version":[{"id":4840,"href":"https:\/\/theartistschateau.com\/es\/wp-json\/wp\/v2\/pages\/621\/revisions\/4840"}],"wp:featuredmedia":[{"embeddable":true,"href":"https:\/\/theartistschateau.com\/es\/wp-json\/wp\/v2\/media\/3564"}],"wp:attachment":[{"href":"https:\/\/theartistschateau.com\/es\/wp-json\/wp\/v2\/media?parent=621"}],"curies":[{"name":"wp","href":"https:\/\/api.w.org\/{rel}","templated":true}]}}